{"id":1074,"date":"2021-01-20T22:57:40","date_gmt":"2021-01-21T01:57:40","guid":{"rendered":"http:\/\/localhost\/aguas2\/?page_id=1074"},"modified":"2021-03-25T21:13:18","modified_gmt":"2021-03-26T00:13:18","slug":"floods","status":"publish","type":"page","link":"https:\/\/aguaseguras.org\/es\/floods\/","title":{"rendered":"Inundaciones"},"content":{"rendered":"<div data-elementor-type=\"wp-page\" data-elementor-id=\"1074\" class=\"elementor elementor-1074\" data-elementor-post-type=\"page\">\n\t\t\t\t\t\t<section class=\"elementor-section elementor-top-section elementor-element elementor-element-8699beb elementor-section-boxed elementor-section-height-default elementor-section-height-default\" data-id=\"8699beb\" data-element_type=\"section\" data-e-type=\"section\">\n\t\t\t\t\t\t<div class=\"elementor-container elementor-column-gap-default\">\n\t\t\t\t\t<div class=\"elementor-column elementor-col-50 elementor-top-column elementor-element elementor-element-73e66a8\" data-id=\"73e66a8\" data-element_type=\"column\" data-e-type=\"column\">\n\t\t\t<div class=\"elementor-widget-wrap elementor-element-populated\">\n\t\t\t\t\t\t<div class=\"elementor-element elementor-element-87cf902 elementor-widget elementor-widget-heading\" data-id=\"87cf902\" data-element_type=\"widget\" data-e-type=\"widget\" data-widget_type=\"heading.default\">\n\t\t\t\t<div class=\"elementor-widget-container\">\n\t\t\t\t\t<h1 class=\"elementor-heading-title elementor-size-default\">FLOODS<\/h1>\t\t\t\t<\/div>\n\t\t\t\t<\/div>\n\t\t\t\t<div class=\"elementor-element elementor-element-2a526f3 elementor-widget elementor-widget-text-editor\" data-id=\"2a526f3\" data-element_type=\"widget\" data-e-type=\"widget\" data-widget_type=\"text-editor.default\">\n\t\t\t\t<div class=\"elementor-widget-container\">\n\t\t\t\t\t\t\t\t\t<p>Cualquier tipo de diluvio puede ser muy peligroso si se est\u00e1  desprevenido y no se sabe qu\u00e9 acciones tomar. Existen varios r\u00edos propensos a frecuentes  inundaciones. Las aguas provenientes de los deshielos de la nieve primaveral y las grandes lluvias pueden llevar a inundar   algunas \u00e1reas. Muchas comunidades enteras  se ven afectadas por esto, incluso negocios, escuelas, plantas de tratamiento de agua potable, etc. Los Servicios de Protecci\u00f3n Civil juegan un papel importante ayudando a las personas inundadas. En algunos casos se inundan las llanuras todos los a\u00f1os, mientras otros s\u00f3lo se inundan despu\u00e9s de una gran tormenta o tan infrecuentemente como cada 100 a\u00f1os. Quienes pertenecen a una comunidad donde pueden ocurrir inundaciones, deben estar alerta a las condiciones del tiempo y estar preparado para evacuar hacia zonas m\u00e1s altas. El agua puede subir r\u00e1pidamente, y puede ser una trampa mortal si se demora la evacuaci\u00f3n.<\/p><p>Una vez que las carreteras se cubren con agua y quedan fuera de servicio se pone m\u00e1s dif\u00edcil. Se puede tener bastante  voluntad para mover algunas pertenencias personales, pero en una emergencia, ninguna posesi\u00f3n es tan valiosa como la propia vida y la familia. La creciente no es el \u00fanico riesgo durante un diluvio. Pueden da\u00f1arse l\u00edneas de energ\u00eda el\u00e9ctrica y el alcantarillado puede no ser seguro si se  inundan  las calles. Todo  tipo de ruinas puede fluir a trav\u00e9s del \u00e1rea. Todos estos factores contribuyen a  condiciones inseguras. Si se evacua, las oficinas gubernamentales destinadas a la protecci\u00f3n de los ciudadanos en cat\u00e1strofespueden ayudar a encontrar alojamiento, vestimenta seca  y comida. Los recursos locales est\u00e1n normalmente disponibles para ayudar en evacuaciones.<\/p>\t\t\t\t\t\t\t\t<\/div>\n\t\t\t\t<\/div>\n\t\t\t\t<div class=\"elementor-element elementor-element-ed4887d elementor-widget elementor-widget-text-editor\" data-id=\"ed4887d\" data-element_type=\"widget\" data-e-type=\"widget\" data-widget_type=\"text-editor.default\">\n\t\t\t\t<div class=\"elementor-widget-container\">\n\t\t\t\t\t\t\t\t\t<p>Cooperar con las autoridades para hacer este proceso m\u00e1s seguro para todos. Cuando bajen las aguas, ser cauto al volver al domicilio. Debe verificarse el servicio el\u00e9ctrico, l\u00edneas de agua, y l\u00edneas de gas. Los art\u00edculos comestibles pueden tener que ser tirados. Puede tener que hervir agua para beber  si  el suministro de  agua o el pozo fueron inundados. Las grandes  lluvias en un periodo corto de tiempo pueden transformar a los arroyos peque\u00f1os y  canales de  desag\u00fce que normalmente  no ofrecen peligro a las personas en  una  amenaza r\u00e1pidamente. El nivel, volumen o la  velocidad de la corriente de agua pueden aumentar r\u00e1pidamente.<\/p><p class=\"translation-block\">El poder del agua puede da\u00f1ar propiedades y  personas de barrios cercanos. Las estaciones locales de radio transmiten informes del tiempo y advierten sobreposibles inundaciones. Prestar atenci\u00f3n a esta informaci\u00f3n, puede dar bastante tiempo para trasladarse a la sectores m\u00e1s altos y seguros.  No se debe perder tiempo para guardar pertenencias personales, ya que cualquier retraso podr\u00eda llevar a la muerte.<\/p><div>\u00a0<\/div>\t\t\t\t\t\t\t\t<\/div>\n\t\t\t\t<\/div>\n\t\t\t\t<div class=\"elementor-element elementor-element-cb4f1e3 elementor-widget elementor-widget-text-editor\" data-id=\"cb4f1e3\" data-element_type=\"widget\" data-e-type=\"widget\" data-widget_type=\"text-editor.default\">\n\t\t\t\t<div class=\"elementor-widget-container\">\n\t\t\t\t\t\t\t\t\t<p>Muchas comunidades tienen canales de desag\u00fce que ayudan a desviar grandes vol\u00famenes de agua lejos de los edificios y seguramente fuera de la ciudad. Apartarse de las bocas de desag\u00fce inundadas. Hay que  ense\u00f1arles a los ni\u00f1os a no jugar o intentar atravesar  estos canales. Las corrientes de  inundaciones  pueden entrampar a los pasajeros de veh\u00edculos a motor. A veces las personas intentan manejar a trav\u00e9s de las calles inundadas. Un r\u00edo inundado o un canal de desag\u00fce que desborda por encima de una carretera pueden barrer un autom\u00f3vil f\u00e1cilmente. Como  regla general, evitar manejar a trav\u00e9s de las carreteras inundadas o encima de puentes que se inundan. Adem\u00e1s en las zonas inundadas  no se  puede juzgar la profundidad real del agua. \nEn caso de inundaci\u00f3n realizar los siguientes pasos:<\/p><p>\u2022\tTrasladarse a un lugar seguro antes que el agua de la inundaci\u00f3n interrumpa el paso.<br \/>\u2022\tNo intentar cruzar una corriente de agua que sobre pase las rodillas.<br \/>\u2022\tTratar de no circular  por calles inundadas.<br \/>\u2022\tAbandonar los veh\u00edculos atascados.<br \/>\u2022\tTener cuidado  con cables ca\u00eddos y paredes electrificadas.<br \/>\u2022\tNo manipular equipos el\u00e9ctricos conectados en lugares mojados.<br \/>\u2022\tNo acercarse a las alcantarillas y desag\u00fces.<br \/>\u2022\tAlejarse de los lugares donde  pueden producirse derrumbes.<br \/>\u2022\tSi las autoridades lo aconsejan, evacuar las viviendas inmediatamente.<\/p><p>En caso de evacuaci\u00f3n llevar los siguientes elementos:<\/p><p>\u2022\tDocumento de identidad<br \/><span style=\"font-size: 14px; color: var( --e-global-color-text );\">\u2022<\/span> <span style=\"font-size: 14px; color: var( --e-global-color-text );\">Ropa de abrigo<br \/><\/span><span style=\"font-size: 14px; color: var( --e-global-color-text );\">\u2022<\/span> <span style=\"font-size: 14px; color: var( --e-global-color-text );\">Medicamentos en uso<br \/><\/span><span style=\"font-size: 14px; color: var( --e-global-color-text );\">\u2022<\/span> <span style=\"font-size: 14px; color: var( --e-global-color-text );\">Dinero y otros valores.<\/span><\/p><div>\u00a0<\/div>\t\t\t\t\t\t\t\t<\/div>\n\t\t\t\t<\/div>\n\t\t\t\t\t<\/div>\n\t\t<\/div>\n\t\t\t\t<div class=\"elementor-column elementor-col-50 elementor-top-column elementor-element elementor-element-b702b22\" data-id=\"b702b22\" data-element_type=\"column\" data-e-type=\"column\">\n\t\t\t<div class=\"elementor-widget-wrap elementor-element-populated\">\n\t\t\t\t\t\t<div class=\"elementor-element elementor-element-c73b0bd elementor-widget elementor-widget-image\" data-id=\"c73b0bd\" data-element_type=\"widget\" data-e-type=\"widget\" data-widget_type=\"image.default\">\n\t\t\t\t<div class=\"elementor-widget-container\">\n\t\t\t\t\t\t\t\t\t\t\t\t\t\t\t<img fetchpriority=\"high\" decoding=\"async\" width=\"302\" height=\"205\" src=\"https:\/\/aguaseguras.org\/wp-content\/uploads\/2021\/03\/inundados-2.jpg\" class=\"attachment-large size-large wp-image-1920\" alt=\"\" srcset=\"https:\/\/aguaseguras.org\/wp-content\/uploads\/2021\/03\/inundados-2.jpg 302w, https:\/\/aguaseguras.org\/wp-content\/uploads\/2021\/03\/inundados-2-300x204.jpg 300w, https:\/\/aguaseguras.org\/wp-content\/uploads\/2021\/03\/inundados-2-16x12.jpg 16w\" sizes=\"(max-width: 302px) 100vw, 302px\" \/>\t\t\t\t\t\t\t\t\t\t\t\t\t\t\t<\/div>\n\t\t\t\t<\/div>\n\t\t\t\t<div class=\"elementor-element elementor-element-205c174 elementor-widget elementor-widget-image\" data-id=\"205c174\" data-element_type=\"widget\" data-e-type=\"widget\" data-widget_type=\"image.default\">\n\t\t\t\t<div class=\"elementor-widget-container\">\n\t\t\t\t\t\t\t\t\t\t\t\t\t\t\t<img decoding=\"async\" width=\"720\" height=\"480\" src=\"https:\/\/aguaseguras.org\/wp-content\/uploads\/2021\/03\/WhatsApp-Image-2017-06-09-at-20.01.29.jpeg\" class=\"attachment-large size-large wp-image-1923\" alt=\"\" srcset=\"https:\/\/aguaseguras.org\/wp-content\/uploads\/2021\/03\/WhatsApp-Image-2017-06-09-at-20.01.29.jpeg 720w, https:\/\/aguaseguras.org\/wp-content\/uploads\/2021\/03\/WhatsApp-Image-2017-06-09-at-20.01.29-300x200.jpeg 300w, https:\/\/aguaseguras.org\/wp-content\/uploads\/2021\/03\/WhatsApp-Image-2017-06-09-at-20.01.29-16x12.jpeg 16w\" sizes=\"(max-width: 720px) 100vw, 720px\" \/>\t\t\t\t\t\t\t\t\t\t\t\t\t\t\t<\/div>\n\t\t\t\t<\/div>\n\t\t\t\t<div class=\"elementor-element elementor-element-dfbce10 elementor-widget elementor-widget-image\" data-id=\"dfbce10\" data-element_type=\"widget\" data-e-type=\"widget\" data-widget_type=\"image.default\">\n\t\t\t\t<div class=\"elementor-widget-container\">\n\t\t\t\t\t\t\t\t\t\t\t\t\t\t\t<img decoding=\"async\" width=\"540\" height=\"720\" src=\"https:\/\/aguaseguras.org\/wp-content\/uploads\/2021\/03\/WhatsApp-Image-2017-06-09-at-20.00.16.jpeg\" class=\"attachment-large size-large wp-image-1922\" alt=\"\" srcset=\"https:\/\/aguaseguras.org\/wp-content\/uploads\/2021\/03\/WhatsApp-Image-2017-06-09-at-20.00.16.jpeg 540w, https:\/\/aguaseguras.org\/wp-content\/uploads\/2021\/03\/WhatsApp-Image-2017-06-09-at-20.00.16-225x300.jpeg 225w, https:\/\/aguaseguras.org\/wp-content\/uploads\/2021\/03\/WhatsApp-Image-2017-06-09-at-20.00.16-9x12.jpeg 9w\" sizes=\"(max-width: 540px) 100vw, 540px\" \/>\t\t\t\t\t\t\t\t\t\t\t\t\t\t\t<\/div>\n\t\t\t\t<\/div>\n\t\t\t\t<div class=\"elementor-element elementor-element-1115ad1 elementor-widget elementor-widget-image\" data-id=\"1115ad1\" data-element_type=\"widget\" data-e-type=\"widget\" data-widget_type=\"image.default\">\n\t\t\t\t<div class=\"elementor-widget-container\">\n\t\t\t\t\t\t\t\t\t\t\t\t\t\t\t<img loading=\"lazy\" decoding=\"async\" width=\"302\" height=\"220\" src=\"https:\/\/aguaseguras.org\/wp-content\/uploads\/2021\/03\/inundados.jpg\" class=\"attachment-large size-large wp-image-1921\" alt=\"\" srcset=\"https:\/\/aguaseguras.org\/wp-content\/uploads\/2021\/03\/inundados.jpg 302w, https:\/\/aguaseguras.org\/wp-content\/uploads\/2021\/03\/inundados-300x219.jpg 300w, https:\/\/aguaseguras.org\/wp-content\/uploads\/2021\/03\/inundados-16x12.jpg 16w\" sizes=\"(max-width: 302px) 100vw, 302px\" \/>\t\t\t\t\t\t\t\t\t\t\t\t\t\t\t<\/div>\n\t\t\t\t<\/div>\n\t\t\t\t<div class=\"elementor-element elementor-element-5ae4790 elementor-widget elementor-widget-image\" data-id=\"5ae4790\" data-element_type=\"widget\" data-e-type=\"widget\" data-widget_type=\"image.default\">\n\t\t\t\t<div class=\"elementor-widget-container\">\n\t\t\t\t\t\t\t\t\t\t\t\t\t\t\t<img loading=\"lazy\" decoding=\"async\" width=\"640\" height=\"480\" src=\"https:\/\/aguaseguras.org\/wp-content\/uploads\/2021\/01\/inun1.jpg\" class=\"attachment-large size-large wp-image-467\" alt=\"\" srcset=\"https:\/\/aguaseguras.org\/wp-content\/uploads\/2021\/01\/inun1.jpg 640w, https:\/\/aguaseguras.org\/wp-content\/uploads\/2021\/01\/inun1-300x225.jpg 300w\" sizes=\"(max-width: 640px) 100vw, 640px\" \/>\t\t\t\t\t\t\t\t\t\t\t\t\t\t\t<\/div>\n\t\t\t\t<\/div>\n\t\t\t\t\t<\/div>\n\t\t<\/div>\n\t\t\t\t\t<\/div>\n\t\t<\/section>\n\t\t\t\t<\/div>","protected":false},"excerpt":{"rendered":"<p>FLOODS Those who live or work near a water area always exposed to floods although these might be minor. Any flood can be really dangerous if you are not ready and do not know what steps to follow. Towns or cities near large rivers are prone to frequent floods. Ice meltwater in Spring and heavy [&hellip;]<\/p>\n","protected":false},"author":1,"featured_media":0,"parent":0,"menu_order":0,"comment_status":"closed","ping_status":"closed","template":"","meta":{"order-bump-settings":[],"_wpfnl_thankyou_order_overview":"on","_wpfnl_thankyou_order_details":"on","_wpfnl_thankyou_billing_details":"on","_wpfnl_thankyou_shipping_details":"on","_monsterinsights_skip_tracking":false,"_monsterinsights_sitenote_active":false,"_monsterinsights_sitenote_note":"","_monsterinsights_sitenote_category":0,"ocean_post_layout":"","ocean_both_sidebars_style":"","ocean_both_sidebars_content_width":0,"ocean_both_sidebars_sidebars_width":0,"ocean_sidebar":"","ocean_second_sidebar":"","ocean_disable_margins":"enable","ocean_add_body_class":"","ocean_shortcode_before_top_bar":"","ocean_shortcode_after_top_bar":"","ocean_shortcode_before_header":"","ocean_shortcode_after_header":"","ocean_has_shortcode":"","ocean_shortcode_after_title":"","ocean_shortcode_before_footer_widgets":"","ocean_shortcode_after_footer_widgets":"","ocean_shortcode_before_footer_bottom":"","ocean_shortcode_after_footer_bottom":"","ocean_display_top_bar":"default","ocean_display_header":"default","ocean_header_style":"","ocean_center_header_left_menu":"","ocean_custom_header_template":"","ocean_custom_logo":0,"ocean_custom_retina_logo":0,"ocean_custom_logo_max_width":0,"ocean_custom_logo_tablet_max_width":0,"ocean_custom_logo_mobile_max_width":0,"ocean_custom_logo_max_height":0,"ocean_custom_logo_tablet_max_height":0,"ocean_custom_logo_mobile_max_height":0,"ocean_header_custom_menu":"","ocean_menu_typo_font_family":"","ocean_menu_typo_font_subset":"","ocean_menu_typo_font_size":0,"ocean_menu_typo_font_size_tablet":0,"ocean_menu_typo_font_size_mobile":0,"ocean_menu_typo_font_size_unit":"px","ocean_menu_typo_font_weight":"","ocean_menu_typo_font_weight_tablet":"","ocean_menu_typo_font_weight_mobile":"","ocean_menu_typo_transform":"","ocean_menu_typo_transform_tablet":"","ocean_menu_typo_transform_mobile":"","ocean_menu_typo_line_height":0,"ocean_menu_typo_line_height_tablet":0,"ocean_menu_typo_line_height_mobile":0,"ocean_menu_typo_line_height_unit":"","ocean_menu_typo_spacing":0,"ocean_menu_typo_spacing_tablet":0,"ocean_menu_typo_spacing_mobile":0,"ocean_menu_typo_spacing_unit":"","ocean_menu_link_color":"","ocean_menu_link_color_hover":"","ocean_menu_link_color_active":"","ocean_menu_link_background":"","ocean_menu_link_hover_background":"","ocean_menu_link_active_background":"","ocean_menu_social_links_bg":"","ocean_menu_social_hover_links_bg":"","ocean_menu_social_links_color":"","ocean_menu_social_hover_links_color":"","ocean_disable_title":"default","ocean_disable_heading":"default","ocean_post_title":"","ocean_post_subheading":"","ocean_post_title_style":"","ocean_post_title_background_color":"","ocean_post_title_background":0,"ocean_post_title_bg_image_position":"","ocean_post_title_bg_image_attachment":"","ocean_post_title_bg_image_repeat":"","ocean_post_title_bg_image_size":"","ocean_post_title_height":0,"ocean_post_title_bg_overlay":0.5,"ocean_post_title_bg_overlay_color":"","ocean_disable_breadcrumbs":"default","ocean_breadcrumbs_color":"","ocean_breadcrumbs_separator_color":"","ocean_breadcrumbs_links_color":"","ocean_breadcrumbs_links_hover_color":"","ocean_display_footer_widgets":"default","ocean_display_footer_bottom":"default","ocean_custom_footer_template":"","_joinchat":[],"footnotes":""},"class_list":["post-1074","page","type-page","status-publish","hentry","entry"],"_links":{"self":[{"href":"https:\/\/aguaseguras.org\/es\/wp-json\/wp\/v2\/pages\/1074","targetHints":{"allow":["GET"]}}],"collection":[{"href":"https:\/\/aguaseguras.org\/es\/wp-json\/wp\/v2\/pages"}],"about":[{"href":"https:\/\/aguaseguras.org\/es\/wp-json\/wp\/v2\/types\/page"}],"author":[{"embeddable":true,"href":"https:\/\/aguaseguras.org\/es\/wp-json\/wp\/v2\/users\/1"}],"replies":[{"embeddable":true,"href":"https:\/\/aguaseguras.org\/es\/wp-json\/wp\/v2\/comments?post=1074"}],"version-history":[{"count":28,"href":"https:\/\/aguaseguras.org\/es\/wp-json\/wp\/v2\/pages\/1074\/revisions"}],"predecessor-version":[{"id":1926,"href":"https:\/\/aguaseguras.org\/es\/wp-json\/wp\/v2\/pages\/1074\/revisions\/1926"}],"wp:attachment":[{"href":"https:\/\/aguaseguras.org\/es\/wp-json\/wp\/v2\/media?parent=1074"}],"curies":[{"name":"wp","href":"https:\/\/api.w.org\/{rel}","templated":true}]}}