{"id":13537,"date":"2026-03-01T21:44:51","date_gmt":"2026-03-02T00:44:51","guid":{"rendered":"https:\/\/aguaseguras.org\/?page_id=13537"},"modified":"2026-03-13T10:10:51","modified_gmt":"2026-03-13T13:10:51","slug":"remote-skills-verification","status":"publish","type":"page","link":"https:\/\/aguaseguras.org\/es\/remote-skills-verification\/","title":{"rendered":"Remote Skills Verification"},"content":{"rendered":"<div data-elementor-type=\"wp-page\" data-elementor-id=\"13537\" class=\"elementor elementor-13537\" data-elementor-post-type=\"page\">\n\t\t\t\t\t\t<section class=\"elementor-section elementor-top-section elementor-element elementor-element-458c7df7 elementor-section-content-middle elementor-reverse-mobile elementor-section-boxed elementor-section-height-default elementor-section-height-default\" data-id=\"458c7df7\" data-element_type=\"section\" data-e-type=\"section\" data-settings=\"{&quot;background_background&quot;:&quot;classic&quot;,&quot;shape_divider_top&quot;:&quot;mountains&quot;}\">\n\t\t\t\t\t<div class=\"elementor-shape elementor-shape-top\" aria-hidden=\"true\" data-negative=\"false\">\n\t\t\t<svg xmlns=\"http:\/\/www.w3.org\/2000\/svg\" viewbox=\"0 0 1000 100\" preserveaspectratio=\"none\">\n\t<path class=\"elementor-shape-fill\" opacity=\"0.33\" d=\"M473,67.3c-203.9,88.3-263.1-34-320.3,0C66,119.1,0,59.7,0,59.7V0h1000v59.7 c0,0-62.1,26.1-94.9,29.3c-32.8,3.3-62.8-12.3-75.8-22.1C806,49.6,745.3,8.7,694.9,4.7S492.4,59,473,67.3z\"\/>\n\t<path class=\"elementor-shape-fill\" opacity=\"0.66\" d=\"M734,67.3c-45.5,0-77.2-23.2-129.1-39.1c-28.6-8.7-150.3-10.1-254,39.1 s-91.7-34.4-149.2,0C115.7,118.3,0,39.8,0,39.8V0h1000v36.5c0,0-28.2-18.5-92.1-18.5C810.2,18.1,775.7,67.3,734,67.3z\"\/>\n\t<path class=\"elementor-shape-fill\" d=\"M766.1,28.9c-200-57.5-266,65.5-395.1,19.5C242,1.8,242,5.4,184.8,20.6C128,35.8,132.3,44.9,89.9,52.5C28.6,63.7,0,0,0,0 h1000c0,0-9.9,40.9-83.6,48.1S829.6,47,766.1,28.9z\"\/>\n<\/svg>\t\t<\/div>\n\t\t\t\t\t<div class=\"elementor-container elementor-column-gap-no\">\n\t\t\t\t\t<div class=\"elementor-column elementor-col-50 elementor-top-column elementor-element elementor-element-3d9fcbc\" data-id=\"3d9fcbc\" data-element_type=\"column\" data-e-type=\"column\">\n\t\t\t<div class=\"elementor-widget-wrap elementor-element-populated\">\n\t\t\t\t\t\t<div class=\"elementor-element elementor-element-9b8ff80 elementor-widget elementor-widget-heading\" data-id=\"9b8ff80\" data-element_type=\"widget\" data-e-type=\"widget\" data-widget_type=\"heading.default\">\n\t\t\t\t<div class=\"elementor-widget-container\">\n\t\t\t\t\t<h3 class=\"elementor-heading-title elementor-size-default\">Remote Skills Verification<\/h3>\t\t\t\t<\/div>\n\t\t\t\t<\/div>\n\t\t\t\t<section class=\"elementor-section elementor-inner-section elementor-element elementor-element-882d761 elementor-section-boxed elementor-section-height-default elementor-section-height-default\" data-id=\"882d761\" data-element_type=\"section\" data-e-type=\"section\">\n\t\t\t\t\t\t<div class=\"elementor-container elementor-column-gap-default\">\n\t\t\t\t\t<div class=\"elementor-column elementor-col-50 elementor-inner-column elementor-element elementor-element-301bc4f\" data-id=\"301bc4f\" data-element_type=\"column\" data-e-type=\"column\">\n\t\t\t<div class=\"elementor-widget-wrap elementor-element-populated\">\n\t\t\t\t\t\t<div class=\"elementor-element elementor-element-9b9caee elementor-widget elementor-widget-image\" data-id=\"9b9caee\" data-element_type=\"widget\" data-e-type=\"widget\" data-widget_type=\"image.default\">\n\t\t\t\t<div class=\"elementor-widget-container\">\n\t\t\t\t\t\t\t\t\t\t\t\t\t\t\t<img fetchpriority=\"high\" decoding=\"async\" width=\"1024\" height=\"524\" src=\"https:\/\/aguaseguras.org\/wp-content\/uploads\/2021\/01\/logo-nuevo-1024x524.png\" class=\"attachment-large size-large wp-image-1332\" alt=\"\" srcset=\"https:\/\/aguaseguras.org\/wp-content\/uploads\/2021\/01\/logo-nuevo-1024x524.png 1024w, https:\/\/aguaseguras.org\/wp-content\/uploads\/2021\/01\/logo-nuevo-300x153.png 300w, https:\/\/aguaseguras.org\/wp-content\/uploads\/2021\/01\/logo-nuevo-768x393.png 768w, https:\/\/aguaseguras.org\/wp-content\/uploads\/2021\/01\/logo-nuevo-1536x786.png 1536w, https:\/\/aguaseguras.org\/wp-content\/uploads\/2021\/01\/logo-nuevo-2048x1047.png 2048w\" sizes=\"(max-width: 1024px) 100vw, 1024px\" \/>\t\t\t\t\t\t\t\t\t\t\t\t\t\t\t<\/div>\n\t\t\t\t<\/div>\n\t\t\t\t\t<\/div>\n\t\t<\/div>\n\t\t\t\t<div class=\"elementor-column elementor-col-50 elementor-inner-column elementor-element elementor-element-11e42d5\" data-id=\"11e42d5\" data-element_type=\"column\" data-e-type=\"column\">\n\t\t\t<div class=\"elementor-widget-wrap elementor-element-populated\">\n\t\t\t\t\t\t<div class=\"elementor-element elementor-element-2969a7e elementor-widget elementor-widget-image\" data-id=\"2969a7e\" data-element_type=\"widget\" data-e-type=\"widget\" data-widget_type=\"image.default\">\n\t\t\t\t<div class=\"elementor-widget-container\">\n\t\t\t\t\t\t\t\t\t\t\t\t\t\t\t<img decoding=\"async\" width=\"350\" height=\"203\" src=\"https:\/\/aguaseguras.org\/wp-content\/uploads\/2021\/01\/WhatsApp-Image-2021-01-19-at-17.44.14-1.jpeg\" class=\"attachment-large size-large wp-image-816\" alt=\"\" srcset=\"https:\/\/aguaseguras.org\/wp-content\/uploads\/2021\/01\/WhatsApp-Image-2021-01-19-at-17.44.14-1.jpeg 350w, https:\/\/aguaseguras.org\/wp-content\/uploads\/2021\/01\/WhatsApp-Image-2021-01-19-at-17.44.14-1-300x174.jpeg 300w\" sizes=\"(max-width: 350px) 100vw, 350px\" \/>\t\t\t\t\t\t\t\t\t\t\t\t\t\t\t<\/div>\n\t\t\t\t<\/div>\n\t\t\t\t\t<\/div>\n\t\t<\/div>\n\t\t\t\t\t<\/div>\n\t\t<\/section>\n\t\t\t\t\t<\/div>\n\t\t<\/div>\n\t\t\t\t<div class=\"elementor-column elementor-col-50 elementor-top-column elementor-element elementor-element-7537813e\" data-id=\"7537813e\" data-element_type=\"column\" data-e-type=\"column\">\n\t\t\t<div class=\"elementor-widget-wrap elementor-element-populated\">\n\t\t\t\t\t\t<div class=\"elementor-element elementor-element-4e0c7459 elementor-widget elementor-widget-image\" data-id=\"4e0c7459\" data-element_type=\"widget\" data-e-type=\"widget\" data-widget_type=\"image.default\">\n\t\t\t\t<div class=\"elementor-widget-container\">\n\t\t\t\t\t\t\t\t\t\t\t\t\t\t\t<img decoding=\"async\" width=\"1600\" height=\"896\" src=\"https:\/\/aguaseguras.org\/wp-content\/uploads\/2026\/03\/2.png\" class=\"attachment-full size-full wp-image-13551\" alt=\"\" srcset=\"https:\/\/aguaseguras.org\/wp-content\/uploads\/2026\/03\/2.png 1600w, https:\/\/aguaseguras.org\/wp-content\/uploads\/2026\/03\/2-300x168.png 300w, https:\/\/aguaseguras.org\/wp-content\/uploads\/2026\/03\/2-1024x573.png 1024w, https:\/\/aguaseguras.org\/wp-content\/uploads\/2026\/03\/2-768x430.png 768w, https:\/\/aguaseguras.org\/wp-content\/uploads\/2026\/03\/2-1536x860.png 1536w, https:\/\/aguaseguras.org\/wp-content\/uploads\/2026\/03\/2-18x10.png 18w\" sizes=\"(max-width: 1600px) 100vw, 1600px\" \/>\t\t\t\t\t\t\t\t\t\t\t\t\t\t\t<\/div>\n\t\t\t\t<\/div>\n\t\t\t\t\t<\/div>\n\t\t<\/div>\n\t\t\t\t\t<\/div>\n\t\t<\/section>\n\t\t\t\t<section class=\"elementor-section elementor-top-section elementor-element elementor-element-45fa3a0 elementor-section-boxed elementor-section-height-default elementor-section-height-default\" data-id=\"45fa3a0\" data-element_type=\"section\" data-e-type=\"section\">\n\t\t\t\t\t\t<div class=\"elementor-container elementor-column-gap-default\">\n\t\t\t\t\t<div class=\"elementor-column elementor-col-100 elementor-top-column elementor-element elementor-element-4143b42\" data-id=\"4143b42\" data-element_type=\"column\" data-e-type=\"column\">\n\t\t\t<div class=\"elementor-widget-wrap elementor-element-populated\">\n\t\t\t\t\t\t<div class=\"elementor-element elementor-element-57bd2a4 elementor-widget elementor-widget-html\" data-id=\"57bd2a4\" data-element_type=\"widget\" data-e-type=\"widget\" data-widget_type=\"html.default\">\n\t\t\t\t<div class=\"elementor-widget-container\">\n\t\t\t\t\t<div style=\"max-width:900px;margin:0 auto;font-family:Arial, Helvetica, sans-serif;line-height:1.6;\">\r\n\r\n<h1 style=\"text-align:center;\">Remote Skills Verification (RSV)<\/h1>\r\n\r\n<h2>\u00bfQu\u00e9 es el sistema Remote Skills Verification?<\/h2>\r\n\r\n<p><strong>Remote Skills Verification (RSV)<\/strong> o Verificaci\u00f3n Remota de Habilidades es un sistema de evaluaci\u00f3n que permite demostrar competencias pr\u00e1cticas mediante evidencia audiovisual, sin necesidad de que el evaluador est\u00e9 f\u00edsicamente presente.<\/p>\r\n\r\n<p>Remote Skills Verification (RSV) o Verificaci\u00f3n Remota de Habilidades es un sistema de evaluaci\u00f3n que permite demostrar competencias pr\u00e1cticas mediante evidencia audiovisual, sin necesidad de que el evaluador est\u00e9 f\u00edsicamente presente.\n\nA trav\u00e9s de este modelo, el alumno realiza las maniobras o habilidades pr\u00e1cticas y las registra en video siguiendo un protocolo estandarizado de filmaci\u00f3n. Posteriormente, un evaluador certificado analiza el material y verifica el cumplimiento de los criterios t\u00e9cnicos establecidos para cada habilidad.<\/p>\r\n\r\n<p>Este sistema combina, <strong>formaci\u00f3n online con validaci\u00f3n pr\u00e1ctica real,<\/strong>manteniendo est\u00e1ndares profesionales de evaluaci\u00f3n y permitiendo que la capacitaci\u00f3n sea accesible desde cualquier lugar del mundo.<\/p>\r\n\r\n<p>Este modelo de verificaci\u00f3n remota se inspira en sistemas de formaci\u00f3n utilizados por organismos internacionales de gesti\u00f3n de emergencias como la Federal Emergency Management Agency (FEMA).<\/p>\r\n\r\n<hr>\r\n\r\n<h2 style=\"text-align:center;\">C\u00f3mo funciona el sistema RSV<\/h2>\r\n\r\n<p style=\"text-align:center;\">El proceso de evaluaci\u00f3n sigue una secuencia estructurada para garantizar la correcta verificaci\u00f3n de las habilidades pr\u00e1cticas.<\/p>\r\n\r\n<div style=\"display:flex;justify-content:center;margin:40px 0;\">\r\n\r\n<div style=\"text-align:center;max-width:420px;\">\r\n\r\n<div style=\"background:#f5f5f5;padding:12px;border-radius:8px;margin:6px 0;font-weight:bold;\">Inscripci\u00f3n al curso<\/div>\r\n<div>\u2193<\/div>\r\n\r\n<div style=\"background:#f5f5f5;padding:12px;border-radius:8px;margin:6px 0;font-weight:bold;\">Estudio te\u00f3rico (Plataforma Online)<\/div>\r\n<div>\u2193<\/div>\r\n\r\n<div style=\"background:#f5f5f5;padding:12px;border-radius:8px;margin:6px 0;font-weight:bold;\">Pr\u00e1ctica de habilidades<\/div>\r\n<div>\u2193<\/div>\r\n\r\n<div style=\"background:#f5f5f5;padding:12px;border-radius:8px;margin:6px 0;font-weight:bold;\">Filmaci\u00f3n seg\u00fan protocolo RSV<\/div>\r\n<div>\u2193<\/div>\r\n\r\n<div style=\"background:#f5f5f5;padding:12px;border-radius:8px;margin:6px 0;font-weight:bold;\">Env\u00edo del material<\/div>\r\n<div>\u2193<\/div>\r\n\r\n<div style=\"background:#f5f5f5;padding:12px;border-radius:8px;margin:6px 0;font-weight:bold;\">Evaluaci\u00f3n por instructor certificado<\/div>\r\n<div>\u2193<\/div>\r\n\r\n<div style=\"background:#d4edda;padding:12px;border-radius:8px;margin:6px 0;font-weight:bold;\">Aprobado \u2192 Certificaci\u00f3n<\/div>\r\n\r\n<p style=\"margin:10px 0;font-weight:bold;\">o<\/p>\r\n\r\n<div style=\"background:#fff3cd;padding:12px;border-radius:8px;margin:6px 0;font-weight:bold;\">Repetir habilidad \u2192 Reentrenamiento<\/div>\r\n\r\n<\/div>\r\n\r\n<\/div>\r\n\r\n<hr>\r\n\r\n<h2>Principio fundamental del sistema<\/h2>\r\n\r\n<p>El sistema RSV se basa en un principio simple:<\/p>\r\n\r\n<p style=\"font-size:18px;text-align:center;\"><strong>Si una habilidad no puede verse claramente en la grabaci\u00f3n, no puede ser evaluada ni aprobada.<\/strong><\/p>\r\n\r\n<p>Por esta raz\u00f3n, todos los candidatos deben cumplir con el <strong>protocolo oficial de filmaci\u00f3n<\/strong> establecido para la verificaci\u00f3n remota de habilidades.<\/p>\r\n\r\n<hr>\r\n\r\n<h2>Ventajas del sistema RSV<\/h2>\r\n\r\n<ul>\r\n\r\n<li><strong>Acceso global<\/strong><br>\r\nPermite que los alumnos puedan certificarse desde cualquier pa\u00eds sin necesidad de viajar.<\/li>\r\n\r\n<li><strong>Flexibilidad<\/strong><br>\r\nLos participantes pueden practicar y grabar las habilidades en el momento y lugar m\u00e1s conveniente.<\/li>\r\n\r\n<li><strong>Evaluaci\u00f3n objetiva<\/strong><br>\r\nLa evidencia en video permite revisar las maniobras con precisi\u00f3n y aplicar criterios t\u00e9cnicos estandarizados.<\/li>\r\n\r\n<li><strong>Reducci\u00f3n de costos<\/strong><br>\r\nDisminuyen los gastos asociados a traslados, log\u00edstica y evaluaciones presenciales.<\/li>\r\n\r\n<li><strong>Mayor alcance educativo<\/strong><br>\r\nLas instituciones pueden capacitar alumnos en diferentes regiones del mundo .<\/li>\r\n\r\n<li><strong>Evidencia verificable<\/strong><br>\r\nLa grabaci\u00f3n de las habilidades permite mantener un registro del proceso de evaluaci\u00f3n y de las competencias demostradas.<\/li>\r\n\r\n<\/ul>\r\n\r\n<hr>\r\n\r\n<h2>Remote Skills Verification y la formaci\u00f3n moderna<\/h2>\r\n\r\n<p>La verificaci\u00f3n remota de habilidades representa una evoluci\u00f3n en los sistemas de formaci\u00f3n profesional. Permite integrar <strong>educaci\u00f3n digital, pr\u00e1ctica supervisada y evaluaci\u00f3n t\u00e9cnica<\/strong>, manteniendo est\u00e1ndares de calidad comparables con los modelos tradicionales de capacitaci\u00f3n presencial.<\/p>\r\n\r\n<hr>\r\n\r\n<h2>Formaci\u00f3n moderna basada en verificaci\u00f3n  remota de habilidades<\/h2>\r\n\r\n<p class=\"translation-block\">El sistema de formaci\u00f3n de AGUASEGURAS incorpora metodolog\u00edas modernas de evaluaci\u00f3n, incluyendo Remote Skills Verification (RSV), que permite validar competencias pr\u00e1cticas mediante evidencia audiovisual.<\/p>\r\n\r\n<p>Este enfoque de capacitaci\u00f3n se inspira en modelos educativos utilizados por organizaciones de gesti\u00f3n de emergencias como la Federal Emergency Management Agency (FEMA), adaptados al \u00e1mbito de la <strong>seguridad y el rescate acu\u00e1tico.<\/strong>.<\/p>\r\n\r\n<\/div>\t\t\t\t<\/div>\n\t\t\t\t<\/div>\n\t\t\t\t\t<\/div>\n\t\t<\/div>\n\t\t\t\t\t<\/div>\n\t\t<\/section>\n\t\t\t\t<section class=\"elementor-section elementor-top-section elementor-element elementor-element-b31ea55 elementor-section-boxed elementor-section-height-default elementor-section-height-default\" data-id=\"b31ea55\" data-element_type=\"section\" data-e-type=\"section\">\n\t\t\t\t\t\t<div class=\"elementor-container elementor-column-gap-default\">\n\t\t\t\t\t<div class=\"elementor-column elementor-col-100 elementor-top-column elementor-element elementor-element-0aefbef\" data-id=\"0aefbef\" data-element_type=\"column\" data-e-type=\"column\">\n\t\t\t<div class=\"elementor-widget-wrap elementor-element-populated\">\n\t\t\t\t\t\t<div class=\"elementor-element elementor-element-76f07f9 elementor-widget-divider--view-line elementor-widget elementor-widget-divider\" data-id=\"76f07f9\" data-element_type=\"widget\" data-e-type=\"widget\" data-widget_type=\"divider.default\">\n\t\t\t\t<div class=\"elementor-widget-container\">\n\t\t\t\t\t\t\t<div class=\"elementor-divider\">\n\t\t\t<span class=\"elementor-divider-separator\">\n\t\t\t\t\t\t<\/span>\n\t\t<\/div>\n\t\t\t\t\t\t<\/div>\n\t\t\t\t<\/div>\n\t\t\t\t\t<\/div>\n\t\t<\/div>\n\t\t\t\t\t<\/div>\n\t\t<\/section>\n\t\t\t\t<section class=\"elementor-section elementor-top-section elementor-element elementor-element-7b0a675 elementor-section-boxed elementor-section-height-default elementor-section-height-default\" data-id=\"7b0a675\" data-element_type=\"section\" data-e-type=\"section\">\n\t\t\t\t\t\t<div class=\"elementor-container elementor-column-gap-default\">\n\t\t\t\t\t<div class=\"elementor-column elementor-col-100 elementor-top-column elementor-element elementor-element-b75149c\" data-id=\"b75149c\" data-element_type=\"column\" data-e-type=\"column\">\n\t\t\t<div class=\"elementor-widget-wrap elementor-element-populated\">\n\t\t\t\t\t\t<div class=\"elementor-element elementor-element-276e0fd elementor-widget-divider--view-line elementor-widget elementor-widget-divider\" data-id=\"276e0fd\" data-element_type=\"widget\" data-e-type=\"widget\" data-widget_type=\"divider.default\">\n\t\t\t\t<div class=\"elementor-widget-container\">\n\t\t\t\t\t\t\t<div class=\"elementor-divider\">\n\t\t\t<span class=\"elementor-divider-separator\">\n\t\t\t\t\t\t<\/span>\n\t\t<\/div>\n\t\t\t\t\t\t<\/div>\n\t\t\t\t<\/div>\n\t\t\t\t\t<\/div>\n\t\t<\/div>\n\t\t\t\t\t<\/div>\n\t\t<\/section>\n\t\t\t\t<\/div>","protected":false},"excerpt":{"rendered":"<p>Remote Skills Verification Remote Skills Verification (RSV) What is the Remote Skills Verification System? Remote Skills Verification (RSV) is an evaluation system that allows practical competencies to be demonstrated through audiovisual evidence, without the evaluator needing to be physically present. Through this model, the student performs the required practical skills and records them on video [&hellip;]<\/p>\n","protected":false},"author":1,"featured_media":0,"parent":0,"menu_order":0,"comment_status":"closed","ping_status":"closed","template":"","meta":{"order-bump-settings":[],"_wpfnl_thankyou_order_overview":"on","_wpfnl_thankyou_order_details":"on","_wpfnl_thankyou_billing_details":"on","_wpfnl_thankyou_shipping_details":"on","_monsterinsights_skip_tracking":false,"_monsterinsights_sitenote_active":false,"_monsterinsights_sitenote_note":"","_monsterinsights_sitenote_category":0,"ocean_post_layout":"","ocean_both_sidebars_style":"","ocean_both_sidebars_content_width":0,"ocean_both_sidebars_sidebars_width":0,"ocean_sidebar":"","ocean_second_sidebar":"","ocean_disable_margins":"enable","ocean_add_body_class":"","ocean_shortcode_before_top_bar":"","ocean_shortcode_after_top_bar":"","ocean_shortcode_before_header":"","ocean_shortcode_after_header":"","ocean_has_shortcode":"","ocean_shortcode_after_title":"","ocean_shortcode_before_footer_widgets":"","ocean_shortcode_after_footer_widgets":"","ocean_shortcode_before_footer_bottom":"","ocean_shortcode_after_footer_bottom":"","ocean_display_top_bar":"default","ocean_display_header":"default","ocean_header_style":"","ocean_center_header_left_menu":"","ocean_custom_header_template":"","ocean_custom_logo":0,"ocean_custom_retina_logo":0,"ocean_custom_logo_max_width":0,"ocean_custom_logo_tablet_max_width":0,"ocean_custom_logo_mobile_max_width":0,"ocean_custom_logo_max_height":0,"ocean_custom_logo_tablet_max_height":0,"ocean_custom_logo_mobile_max_height":0,"ocean_header_custom_menu":"","ocean_menu_typo_font_family":"","ocean_menu_typo_font_subset":"","ocean_menu_typo_font_size":0,"ocean_menu_typo_font_size_tablet":0,"ocean_menu_typo_font_size_mobile":0,"ocean_menu_typo_font_size_unit":"px","ocean_menu_typo_font_weight":"","ocean_menu_typo_font_weight_tablet":"","ocean_menu_typo_font_weight_mobile":"","ocean_menu_typo_transform":"","ocean_menu_typo_transform_tablet":"","ocean_menu_typo_transform_mobile":"","ocean_menu_typo_line_height":0,"ocean_menu_typo_line_height_tablet":0,"ocean_menu_typo_line_height_mobile":0,"ocean_menu_typo_line_height_unit":"","ocean_menu_typo_spacing":0,"ocean_menu_typo_spacing_tablet":0,"ocean_menu_typo_spacing_mobile":0,"ocean_menu_typo_spacing_unit":"","ocean_menu_link_color":"","ocean_menu_link_color_hover":"","ocean_menu_link_color_active":"","ocean_menu_link_background":"","ocean_menu_link_hover_background":"","ocean_menu_link_active_background":"","ocean_menu_social_links_bg":"","ocean_menu_social_hover_links_bg":"","ocean_menu_social_links_color":"","ocean_menu_social_hover_links_color":"","ocean_disable_title":"default","ocean_disable_heading":"default","ocean_post_title":"","ocean_post_subheading":"","ocean_post_title_style":"","ocean_post_title_background_color":"","ocean_post_title_background":0,"ocean_post_title_bg_image_position":"","ocean_post_title_bg_image_attachment":"","ocean_post_title_bg_image_repeat":"","ocean_post_title_bg_image_size":"","ocean_post_title_height":0,"ocean_post_title_bg_overlay":0.5,"ocean_post_title_bg_overlay_color":"","ocean_disable_breadcrumbs":"default","ocean_breadcrumbs_color":"","ocean_breadcrumbs_separator_color":"","ocean_breadcrumbs_links_color":"","ocean_breadcrumbs_links_hover_color":"","ocean_display_footer_widgets":"default","ocean_display_footer_bottom":"default","ocean_custom_footer_template":"","_joinchat":[],"footnotes":""},"class_list":["post-13537","page","type-page","status-publish","hentry","entry"],"_links":{"self":[{"href":"https:\/\/aguaseguras.org\/es\/wp-json\/wp\/v2\/pages\/13537","targetHints":{"allow":["GET"]}}],"collection":[{"href":"https:\/\/aguaseguras.org\/es\/wp-json\/wp\/v2\/pages"}],"about":[{"href":"https:\/\/aguaseguras.org\/es\/wp-json\/wp\/v2\/types\/page"}],"author":[{"embeddable":true,"href":"https:\/\/aguaseguras.org\/es\/wp-json\/wp\/v2\/users\/1"}],"replies":[{"embeddable":true,"href":"https:\/\/aguaseguras.org\/es\/wp-json\/wp\/v2\/comments?post=13537"}],"version-history":[{"count":18,"href":"https:\/\/aguaseguras.org\/es\/wp-json\/wp\/v2\/pages\/13537\/revisions"}],"predecessor-version":[{"id":13562,"href":"https:\/\/aguaseguras.org\/es\/wp-json\/wp\/v2\/pages\/13537\/revisions\/13562"}],"wp:attachment":[{"href":"https:\/\/aguaseguras.org\/es\/wp-json\/wp\/v2\/media?parent=13537"}],"curies":[{"name":"wp","href":"https:\/\/api.w.org\/{rel}","templated":true}]}}